{"id":905,"date":"2025-08-25T00:00:53","date_gmt":"2025-08-25T00:00:53","guid":{"rendered":"https:\/\/jimeneznotary.com\/?page_id=905"},"modified":"2025-08-26T03:48:01","modified_gmt":"2025-08-26T03:48:01","slug":"reservar-cita","status":"publish","type":"page","link":"https:\/\/jimeneznotary.com\/en\/reservar-cita\/","title":{"rendered":"Reservar Cita"},"content":{"rendered":"<div data-elementor-type=\"wp-page\" data-elementor-id=\"905\" class=\"elementor elementor-905\">\n\t\t\t\t\t\t<section class=\"elementor-section elementor-top-section elementor-element elementor-element-aa3b3ef elementor-section-boxed elementor-section-height-default elementor-section-height-default wpr-particle-no wpr-jarallax-no wpr-parallax-no wpr-sticky-section-no\" data-id=\"aa3b3ef\" data-element_type=\"section\" data-e-type=\"section\" data-settings=\"{&quot;background_background&quot;:&quot;classic&quot;}\">\n\t\t\t\t\t\t\t<div class=\"elementor-background-overlay\"><\/div>\n\t\t\t\t\t\t\t<div class=\"elementor-container elementor-column-gap-no\">\n\t\t\t\t\t<div class=\"elementor-column elementor-col-100 elementor-top-column elementor-element elementor-element-f1c14d9\" data-id=\"f1c14d9\" data-element_type=\"column\" data-e-type=\"column\">\n\t\t\t<div class=\"elementor-widget-wrap elementor-element-populated\">\n\t\t\t\t\t\t<div class=\"elementor-element elementor-element-efc16bc elementor-widget elementor-widget-text-editor\" data-id=\"efc16bc\" data-element_type=\"widget\" data-e-type=\"widget\" data-widget_type=\"text-editor.default\">\n\t\t\t\t<div class=\"elementor-widget-container\">\n\t\t\t\t\t\t\t\t\t<p>Disponible en Miami-Dade. Servicio confiable y r\u00e1pido.<\/p>\t\t\t\t\t\t\t\t<\/div>\n\t\t\t\t<\/div>\n\t\t\t\t<div class=\"elementor-element elementor-element-f685c1f elementor-widget__width-inherit elementor-widget elementor-widget-html\" data-id=\"f685c1f\" data-element_type=\"widget\" data-e-type=\"widget\" data-widget_type=\"html.default\">\n\t\t\t\t<div class=\"elementor-widget-container\">\n\t\t\t\t\t<!-- Calendly inline widget begin -->\r\n<div class=\"calendly-inline-widget\" data-url=\"https:\/\/calendly.com\/ajs2674\/cita-notarial-30-minutos\" style=\"min-width:320px;height:700px;\"><\/div>\r\n<script type=\"text\/javascript\" src=\"https:\/\/assets.calendly.com\/assets\/external\/widget.js\" async><\/script>\r\n<!-- Calendly inline widget end -->\t\t\t\t<\/div>\n\t\t\t\t<\/div>\n\t\t\t\t\t<\/div>\n\t\t<\/div>\n\t\t\t\t\t<\/div>\n\t\t<\/section>\n\t\t<div class=\"elementor-element elementor-element-15761ea e-flex e-con-boxed wpr-particle-no wpr-jarallax-no wpr-parallax-no wpr-sticky-section-no e-con e-parent\" data-id=\"15761ea\" data-element_type=\"container\" data-e-type=\"container\">\n\t\t\t\t\t<div class=\"e-con-inner\">\n\t\t\t\t<div class=\"elementor-element elementor-element-3700961 elementor-widget elementor-widget-text-editor\" data-id=\"3700961\" data-element_type=\"widget\" data-e-type=\"widget\" data-widget_type=\"text-editor.default\">\n\t\t\t\t<div class=\"elementor-widget-container\">\n\t\t\t\t\t\t\t\t\t<p>Jimenez Notary Services es un Notario P\u00fablico comisionado en Florida. Cumplimos con todas las regulaciones estatales. El pago cubre el tiempo y traslado; los honorarios notariales se cobran por separado seg\u00fan la ley de Florida.<\/p>\t\t\t\t\t\t\t\t<\/div>\n\t\t\t\t<\/div>\n\t\t\t\t\t<\/div>\n\t\t\t\t<\/div>\n\t\t\t\t<\/div>","protected":false},"excerpt":{"rendered":"<p>Reservar Cita Notarial Agenda en l\u00ednea, pago seguro y confirmaci\u00f3n inmediata. Disponible en Miami-Dade. Servicio confiable y r\u00e1pido. Jimenez Notary Services es un Notario P\u00fablico comisionado en Florida. Cumplimos con todas las regulaciones estatales. El pago cubre el tiempo y traslado; los honorarios notariales se cobran por separado seg\u00fan la ley de Florida.<\/p>","protected":false},"author":1,"featured_media":0,"parent":0,"menu_order":0,"comment_status":"closed","ping_status":"open","template":"elementor_canvas","meta":{"footnotes":""},"class_list":["post-905","page","type-page","status-publish","hentry"],"yoast_head":"<!-- This site is optimized with the Yoast SEO plugin v27.3 - https:\/\/yoast.com\/product\/yoast-seo-wordpress\/ -->\n<title>Reservar Cita - Alfonso Jimenez Notary Reservar Notario | Jimenez Notary<\/title>\n<meta name=\"description\" content=\"Agenda tu cita notarial en l\u00ednea de forma r\u00e1pida y segura. Pago con Stripe y confirmaci\u00f3n inmediata.\" \/>\n<meta name=\"robots\" content=\"index, follow, max-snippet:-1, max-image-preview:large, max-video-preview:-1\" \/>\n<link rel=\"canonical\" href=\"https:\/\/jimeneznotary.com\/en\/reservar-cita\/\" \/>\n<meta property=\"og:locale\" content=\"en_US\" \/>\n<meta property=\"og:type\" content=\"article\" \/>\n<meta property=\"og:title\" content=\"Reservar Cita - Alfonso Jimenez Notary Reservar Notario | Jimenez Notary\" \/>\n<meta property=\"og:description\" content=\"Agenda tu cita notarial en l\u00ednea de forma r\u00e1pida y segura. Pago con Stripe y confirmaci\u00f3n inmediata.\" \/>\n<meta property=\"og:url\" content=\"https:\/\/jimeneznotary.com\/en\/reservar-cita\/\" \/>\n<meta property=\"og:site_name\" content=\"Alfonso Jimenez Notary\" \/>\n<meta property=\"article:modified_time\" content=\"2025-08-26T03:48:01+00:00\" \/>\n<meta name=\"twitter:card\" content=\"summary_large_image\" \/>\n<meta name=\"twitter:label1\" content=\"Est. reading time\" \/>\n\t<meta name=\"twitter:data1\" content=\"1 minute\" \/>\n<script type=\"application\/ld+json\" class=\"yoast-schema-graph\">{\"@context\":\"https:\\\/\\\/schema.org\",\"@graph\":[{\"@type\":\"WebPage\",\"@id\":\"https:\\\/\\\/jimeneznotary.com\\\/reservar-cita\\\/\",\"url\":\"https:\\\/\\\/jimeneznotary.com\\\/reservar-cita\\\/\",\"name\":\"Reservar Cita - Alfonso Jimenez Notary Reservar Notario | Jimenez Notary\",\"isPartOf\":{\"@id\":\"https:\\\/\\\/jimeneznotary.com\\\/#website\"},\"datePublished\":\"2025-08-25T00:00:53+00:00\",\"dateModified\":\"2025-08-26T03:48:01+00:00\",\"description\":\"Agenda tu cita notarial en l\u00ednea de forma r\u00e1pida y segura. Pago con Stripe y confirmaci\u00f3n inmediata.\",\"breadcrumb\":{\"@id\":\"https:\\\/\\\/jimeneznotary.com\\\/reservar-cita\\\/#breadcrumb\"},\"inLanguage\":\"en-US\",\"potentialAction\":[{\"@type\":\"ReadAction\",\"target\":[\"https:\\\/\\\/jimeneznotary.com\\\/reservar-cita\\\/\"]}]},{\"@type\":\"BreadcrumbList\",\"@id\":\"https:\\\/\\\/jimeneznotary.com\\\/reservar-cita\\\/#breadcrumb\",\"itemListElement\":[{\"@type\":\"ListItem\",\"position\":1,\"name\":\"Home\",\"item\":\"https:\\\/\\\/jimeneznotary.com\\\/\"},{\"@type\":\"ListItem\",\"position\":2,\"name\":\"Reservar Cita\"}]},{\"@type\":\"WebSite\",\"@id\":\"https:\\\/\\\/jimeneznotary.com\\\/#website\",\"url\":\"https:\\\/\\\/jimeneznotary.com\\\/\",\"name\":\"Alfonso Jimenez Notary\",\"description\":\"\",\"publisher\":{\"@id\":\"https:\\\/\\\/jimeneznotary.com\\\/#\\\/schema\\\/person\\\/e326b6b2404972bf34085fe2ab1b4195\"},\"potentialAction\":[{\"@type\":\"SearchAction\",\"target\":{\"@type\":\"EntryPoint\",\"urlTemplate\":\"https:\\\/\\\/jimeneznotary.com\\\/?s={search_term_string}\"},\"query-input\":{\"@type\":\"PropertyValueSpecification\",\"valueRequired\":true,\"valueName\":\"search_term_string\"}}],\"inLanguage\":\"en-US\"},{\"@type\":[\"Person\",\"Organization\"],\"@id\":\"https:\\\/\\\/jimeneznotary.com\\\/#\\\/schema\\\/person\\\/e326b6b2404972bf34085fe2ab1b4195\",\"name\":\"jimeneznotary\",\"image\":{\"@type\":\"ImageObject\",\"inLanguage\":\"en-US\",\"@id\":\"https:\\\/\\\/jimeneznotary.com\\\/wp-content\\\/uploads\\\/2024\\\/09\\\/cropped-Logo-Stamp-2-e1727392107584.png\",\"url\":\"https:\\\/\\\/jimeneznotary.com\\\/wp-content\\\/uploads\\\/2024\\\/09\\\/cropped-Logo-Stamp-2-e1727392107584.png\",\"contentUrl\":\"https:\\\/\\\/jimeneznotary.com\\\/wp-content\\\/uploads\\\/2024\\\/09\\\/cropped-Logo-Stamp-2-e1727392107584.png\",\"width\":512,\"height\":512,\"caption\":\"jimeneznotary\"},\"logo\":{\"@id\":\"https:\\\/\\\/jimeneznotary.com\\\/wp-content\\\/uploads\\\/2024\\\/09\\\/cropped-Logo-Stamp-2-e1727392107584.png\"},\"sameAs\":[\"http:\\\/\\\/jimeneznotary.com\"]}]}<\/script>\n<!-- \/ Yoast SEO plugin. -->","yoast_head_json":{"title":"Reservar Cita - Alfonso Jimenez Notary Reservar Notario | Jimenez Notary","description":"Agenda tu cita notarial en l\u00ednea de forma r\u00e1pida y segura. Pago con Stripe y confirmaci\u00f3n inmediata.","robots":{"index":"index","follow":"follow","max-snippet":"max-snippet:-1","max-image-preview":"max-image-preview:large","max-video-preview":"max-video-preview:-1"},"canonical":"https:\/\/jimeneznotary.com\/en\/reservar-cita\/","og_locale":"en_US","og_type":"article","og_title":"Reservar Cita - Alfonso Jimenez Notary Reservar Notario | Jimenez Notary","og_description":"Agenda tu cita notarial en l\u00ednea de forma r\u00e1pida y segura. Pago con Stripe y confirmaci\u00f3n inmediata.","og_url":"https:\/\/jimeneznotary.com\/en\/reservar-cita\/","og_site_name":"Alfonso Jimenez Notary","article_modified_time":"2025-08-26T03:48:01+00:00","twitter_card":"summary_large_image","twitter_misc":{"Est. reading time":"1 minute"},"schema":{"@context":"https:\/\/schema.org","@graph":[{"@type":"WebPage","@id":"https:\/\/jimeneznotary.com\/reservar-cita\/","url":"https:\/\/jimeneznotary.com\/reservar-cita\/","name":"Reservar Cita - Alfonso Jimenez Notary Reservar Notario | Jimenez Notary","isPartOf":{"@id":"https:\/\/jimeneznotary.com\/#website"},"datePublished":"2025-08-25T00:00:53+00:00","dateModified":"2025-08-26T03:48:01+00:00","description":"Agenda tu cita notarial en l\u00ednea de forma r\u00e1pida y segura. Pago con Stripe y confirmaci\u00f3n inmediata.","breadcrumb":{"@id":"https:\/\/jimeneznotary.com\/reservar-cita\/#breadcrumb"},"inLanguage":"en-US","potentialAction":[{"@type":"ReadAction","target":["https:\/\/jimeneznotary.com\/reservar-cita\/"]}]},{"@type":"BreadcrumbList","@id":"https:\/\/jimeneznotary.com\/reservar-cita\/#breadcrumb","itemListElement":[{"@type":"ListItem","position":1,"name":"Home","item":"https:\/\/jimeneznotary.com\/"},{"@type":"ListItem","position":2,"name":"Reservar Cita"}]},{"@type":"WebSite","@id":"https:\/\/jimeneznotary.com\/#website","url":"https:\/\/jimeneznotary.com\/","name":"Alfonso Jimenez Notary","description":"","publisher":{"@id":"https:\/\/jimeneznotary.com\/#\/schema\/person\/e326b6b2404972bf34085fe2ab1b4195"},"potentialAction":[{"@type":"SearchAction","target":{"@type":"EntryPoint","urlTemplate":"https:\/\/jimeneznotary.com\/?s={search_term_string}"},"query-input":{"@type":"PropertyValueSpecification","valueRequired":true,"valueName":"search_term_string"}}],"inLanguage":"en-US"},{"@type":["Person","Organization"],"@id":"https:\/\/jimeneznotary.com\/#\/schema\/person\/e326b6b2404972bf34085fe2ab1b4195","name":"jimeneznotary","image":{"@type":"ImageObject","inLanguage":"en-US","@id":"https:\/\/jimeneznotary.com\/wp-content\/uploads\/2024\/09\/cropped-Logo-Stamp-2-e1727392107584.png","url":"https:\/\/jimeneznotary.com\/wp-content\/uploads\/2024\/09\/cropped-Logo-Stamp-2-e1727392107584.png","contentUrl":"https:\/\/jimeneznotary.com\/wp-content\/uploads\/2024\/09\/cropped-Logo-Stamp-2-e1727392107584.png","width":512,"height":512,"caption":"jimeneznotary"},"logo":{"@id":"https:\/\/jimeneznotary.com\/wp-content\/uploads\/2024\/09\/cropped-Logo-Stamp-2-e1727392107584.png"},"sameAs":["http:\/\/jimeneznotary.com"]}]}},"_links":{"self":[{"href":"https:\/\/jimeneznotary.com\/en\/wp-json\/wp\/v2\/pages\/905","targetHints":{"allow":["GET"]}}],"collection":[{"href":"https:\/\/jimeneznotary.com\/en\/wp-json\/wp\/v2\/pages"}],"about":[{"href":"https:\/\/jimeneznotary.com\/en\/wp-json\/wp\/v2\/types\/page"}],"author":[{"embeddable":true,"href":"https:\/\/jimeneznotary.com\/en\/wp-json\/wp\/v2\/users\/1"}],"replies":[{"embeddable":true,"href":"https:\/\/jimeneznotary.com\/en\/wp-json\/wp\/v2\/comments?post=905"}],"version-history":[{"count":33,"href":"https:\/\/jimeneznotary.com\/en\/wp-json\/wp\/v2\/pages\/905\/revisions"}],"predecessor-version":[{"id":961,"href":"https:\/\/jimeneznotary.com\/en\/wp-json\/wp\/v2\/pages\/905\/revisions\/961"}],"wp:attachment":[{"href":"https:\/\/jimeneznotary.com\/en\/wp-json\/wp\/v2\/media?parent=905"}],"curies":[{"name":"wp","href":"https:\/\/api.w.org\/{rel}","templated":true}]}}